{"id":4165,"date":"2021-05-29T05:21:36","date_gmt":"2021-05-29T09:21:36","guid":{"rendered":"https:\/\/www.protech-solutions.net\/fr\/?page_id=4165"},"modified":"2021-10-15T14:42:41","modified_gmt":"2021-10-15T18:42:41","slug":"carrieres-avec-protech","status":"publish","type":"page","link":"https:\/\/www.protech-solutions.net\/fr\/a-propos\/carrieres-avec-protech\/","title":{"rendered":"Carri\u00e8res avec Protech"},"content":{"rendered":"\n<h1 class=\"wp-block-heading\">Carri\u00e8res avec Protech<\/h1>\n\n\n\n<p>Si vous cherchez une carri\u00e8re avec une \u00e9quipe de recrutement dynamique et excitante, nous pourrions avoir un poste pour vous. Alors que nous commen\u00e7ons \u00e0 \u00e9tendre nos services \u00e0 de nouveaux march\u00e9s, nous cherchons des personnes motiv\u00e9es et exp\u00e9riment\u00e9es pour rejoindre notre \u00e9quipe. Si c&rsquo;est quelque chose qui vous int\u00e9resse, faites-le nous savoir afin que nous puissions vous informer de tout poste \u00e0 venir! Nous sommes impatients de recevoir de vos nouvelles!<\/p>\n\n\n\n<p><a class=\"button\" href=\"#apply\">Appliquer<\/a><\/p>\n\n\n\n<div class=\"wp-block-getwid-section grey-bg alignfull alignfull\" style=\"margin-top:80px\"><div class=\"wp-block-getwid-section__wrapper\" style=\"padding-bottom:4px\"><div class=\"wp-block-getwid-section__inner-wrapper\"><div class=\"wp-block-getwid-section__background-holder\"><div class=\"wp-block-getwid-section__background\"><\/div><div class=\"wp-block-getwid-section__foreground\"><\/div><\/div><div class=\"wp-block-getwid-section__content\"><div class=\"wp-block-getwid-section__inner-content\">\n<h2 class=\"wp-block-heading\">Pourquoi choisir Protech?<\/h2>\n\n\n\n<p>Chez Protech, nous croyons que travailler avec nous est bien plus qu&rsquo;un simple travail. Vous faites instantan\u00e9ment partie d&rsquo;une communaut\u00e9 d&rsquo;individus motiv\u00e9s qui veulent atteindre des exploits dans leur carri\u00e8re. Nous offrons \u00e0 tous nos employ\u00e9s une marge de man\u0153uvre pour la promotion, les augmentations salariales et les primes suppl\u00e9mentaires au sein de l&rsquo;entreprise, y compris les concours et les d\u00e9fis internes. En tant que membre de notre \u00e9quipe, nous veillerons \u00e0 ce que vos comp\u00e9tences soient constamment mises \u00e0 jour, ce qui vous permettra de rester le meilleur dans votre sp\u00e9cialisation.<\/p>\n\n\n\n<div class=\"wp-block-columns is-layout-flex wp-container-core-columns-is-layout-9d6595d7 wp-block-columns-is-layout-flex\">\n<div class=\"wp-block-column img-sec-two-col is-layout-flow wp-block-column-is-layout-flow\">\n<figure class=\"wp-block-image size-full\"><img decoding=\"async\" width=\"565\" height=\"347\" src=\"https:\/\/www.protech-solutions.net\/fr\/wp-content\/uploads\/sites\/3\/2021\/09\/careers-with-protech-img1.jpg\" alt=\"\" class=\"wp-image-4473\"\/><\/figure>\n<\/div>\n\n\n\n<div class=\"wp-block-column img-sec-two-col is-layout-flow wp-block-column-is-layout-flow\">\n<figure class=\"wp-block-image size-full\"><img decoding=\"async\" width=\"565\" height=\"347\" src=\"https:\/\/www.protech-solutions.net\/fr\/wp-content\/uploads\/sites\/3\/2021\/09\/careers-with-protech-img2.1.jpg\" alt=\"\" class=\"wp-image-4476\"\/><\/figure>\n<\/div>\n<\/div>\n\n\n\n<p>Notre entreprise fonctionne dans un environnement amical dans lequel chaque membre de l&rsquo;\u00e9quipe se sent \u00e0 l&rsquo;aise d&rsquo;\u00eatre lui-m\u00eame. Nous comprenons que travailler dans un nouvel environnement peut \u00eatre intimidant au d\u00e9but, c&rsquo;est pourquoi nous faisons de notre mieux pour vous assurer que vous vous sentez comme chez nous. Nos responsables amicaux sont toujours \u00e0 votre disposition pour vous fournir toute l&rsquo;aide dont vous avez besoin et vous permettre de travailler au mieux tout au long de l&rsquo;ann\u00e9e.<\/p>\n\n\n\n<p>En plus d&rsquo;un environnement de travail confortable, nous veillons \u00e0 ce que vous vous sentiez comme un membre cl\u00e9 de notre \u00e9quipe. Beaucoup de grandes entreprises font sentir leurs employ\u00e9s comme un simple chiffre. Ils peuvent simplement \u00eatre remplac\u00e9s par le prochain candidat hautement performant s&rsquo;ils \u00e9chouent dans leur travail. En travaillant avec nous, c&rsquo;est le contraire qui se produit. Vous jouerez un r\u00f4le essentiel dans notre \u00e9quipe, en travaillant sur des projets importants tout au long de votre horaire quotidien pour nous assurer d&rsquo;obtenir les meilleurs r\u00e9sultats en tant qu&rsquo;entreprise.<\/p>\n<\/div><\/div><\/div><\/div><\/div>\n\n\n\n<h2 class=\"wp-block-heading\">Les b\u00e9n\u00e9fices de travailler avec nous<\/h2>\n\n\n\n<p>Chaque ann\u00e9e, nous offrons \u00e0 nos employ\u00e9s des incitations pour obtenir les meilleurs r\u00e9sultats. Ces incitations se pr\u00e9sentent sous la forme de d\u00eeners raffin\u00e9s, de primes et de journ\u00e9es en famille \u00e0 gagner lors de nos concours internes.<\/p>\n\n\n\n<p>En plus des concours internes, nous organisons \u00e9galement des f\u00eates et des c\u00e9l\u00e9brations pour c\u00e9l\u00e9brer tout ce qu\u2019on a accompli en tant d\u2019\u00e9quipe. Avec la croissance continue de nos activit\u00e9s au cours des derni\u00e8res ann\u00e9es, nous pensons qu&rsquo;il est important pour toute \u00e9quipe de prendre du recul et de profiter de tout ce que nous avons accompli. Ces \u00e9v\u00e9nements sont une bonne fa\u00e7on de connecter avec d\u2019autres membres de l\u2019\u00e9quipe et de profiter d\u2019un moment en dehors du travail.<\/p>\n\n\n\n<div class=\"wp-block-getwid-section grey-bg btm-grey-bg-sec alignfull alignfull\"><div class=\"wp-block-getwid-section__wrapper\"><div class=\"wp-block-getwid-section__inner-wrapper\"><div class=\"wp-block-getwid-section__background-holder\"><div class=\"wp-block-getwid-section__background\"><\/div><div class=\"wp-block-getwid-section__foreground\"><\/div><\/div><div class=\"wp-block-getwid-section__content\"><div class=\"wp-block-getwid-section__inner-content\">\n<h2 class=\"wp-block-heading\"><span id=\"apply\" class=\"link-span\"><\/span>Soumettez votre CV aujourd&rsquo;hui<\/h2>\n\n\n\n<p>Veuillez remplir le formulaire ci-dessous pour soumettre votre CV \u00e0 Protech. Seuls les candidats qui correspondent \u00e0 nos crit\u00e8res seront contact\u00e9s au sujet des offres d&#8217;emploi avec notre agence.<\/p>\n\n\n\n<div class=\"wp-block-contact-form-7-contact-form-selector\">\n<div class=\"wpcf7 no-js\" id=\"wpcf7-f5193-o1\" lang=\"en-US\" dir=\"ltr\" data-wpcf7-id=\"5193\">\n<div class=\"screen-reader-response\"><p role=\"status\" aria-live=\"polite\" aria-atomic=\"true\"><\/p> <ul><\/ul><\/div>\n<form action=\"\/fr\/wp-json\/wp\/v2\/pages\/4165#wpcf7-f5193-o1\" method=\"post\" class=\"wpcf7-form init\" aria-label=\"Contact form\" enctype=\"multipart\/form-data\" novalidate=\"novalidate\" data-status=\"init\">\n<fieldset class=\"hidden-fields-container\"><input type=\"hidden\" name=\"_wpcf7\" value=\"5193\" \/><input type=\"hidden\" name=\"_wpcf7_version\" value=\"6.1.5\" \/><input type=\"hidden\" name=\"_wpcf7_locale\" value=\"en_US\" \/><input type=\"hidden\" name=\"_wpcf7_unit_tag\" value=\"wpcf7-f5193-o1\" \/><input type=\"hidden\" name=\"_wpcf7_container_post\" value=\"0\" \/><input type=\"hidden\" name=\"_wpcf7_posted_data_hash\" value=\"\" \/><input type=\"hidden\" name=\"_wpcf7cf_hidden_group_fields\" value=\"[]\" \/><input type=\"hidden\" name=\"_wpcf7cf_hidden_groups\" value=\"[]\" \/><input type=\"hidden\" name=\"_wpcf7cf_visible_groups\" value=\"[]\" \/><input type=\"hidden\" name=\"_wpcf7cf_repeaters\" value=\"[]\" \/><input type=\"hidden\" name=\"_wpcf7cf_steps\" value=\"{}\" \/><input type=\"hidden\" name=\"_wpcf7cf_options\" value=\"{&quot;form_id&quot;:5193,&quot;conditions&quot;:[{&quot;then_field&quot;:&quot;-1&quot;,&quot;and_rules&quot;:[{&quot;if_field&quot;:&quot;-1&quot;,&quot;operator&quot;:&quot;equals&quot;,&quot;if_value&quot;:&quot;Canada&quot;}]},{&quot;then_field&quot;:&quot;-1&quot;,&quot;and_rules&quot;:[{&quot;if_field&quot;:&quot;-1&quot;,&quot;operator&quot;:&quot;equals&quot;,&quot;if_value&quot;:&quot;USA&quot;}]}],&quot;settings&quot;:{&quot;animation&quot;:&quot;yes&quot;,&quot;animation_intime&quot;:200,&quot;animation_outtime&quot;:200,&quot;conditions_ui&quot;:&quot;normal&quot;,&quot;notice_dismissed&quot;:false}}\" \/><input type=\"hidden\" name=\"_wpcf7_recaptcha_response\" value=\"\" \/>\n<\/fieldset>\n<table class=\"form\">\n\t<tr>\n\t\t<td>\n\t\t\t<p><label>Pr\u00e9nom <span class=\"red bold\">*<\/span><\/label><br \/>\n<span class=\"wpcf7-form-control-wrap\" data-name=\"fname\"><input size=\"40\" maxlength=\"400\" class=\"wpcf7-form-control wpcf7-text wpcf7-validates-as-required\" id=\"fname\" aria-required=\"true\" aria-invalid=\"false\" value=\"\" type=\"text\" name=\"fname\" \/><\/span>\n\t\t\t<\/p>\n\t\t<\/td>\n\t\t<td>\n\t\t\t<p><label>Nom de famille <span class=\"red bold\">*<\/span><\/label><br \/>\n<span class=\"wpcf7-form-control-wrap\" data-name=\"lname\"><input size=\"40\" maxlength=\"400\" class=\"wpcf7-form-control wpcf7-text wpcf7-validates-as-required\" id=\"lname\" aria-required=\"true\" aria-invalid=\"false\" value=\"\" type=\"text\" name=\"lname\" \/><\/span>\n\t\t\t<\/p>\n\t\t<\/td>\n\t<\/tr>\n\t<tr>\n\t\t<td>\n\t\t\t<p><label>Courriel<span class=\"red bold\">*<\/span><\/label><br \/>\n<span class=\"wpcf7-form-control-wrap\" data-name=\"email\"><input size=\"40\" maxlength=\"400\" class=\"wpcf7-form-control wpcf7-email wpcf7-validates-as-required wpcf7-text wpcf7-validates-as-email\" id=\"email\" aria-required=\"true\" aria-invalid=\"false\" value=\"\" type=\"email\" name=\"email\" \/><\/span>\n\t\t\t<\/p>\n\t\t<\/td>\n\t\t<td>\n\t\t\t<p><label>T\u00e9l\u00e9phone<\/label><br \/>\n<span class=\"wpcf7-form-control-wrap\" data-name=\"phone\"><input size=\"40\" maxlength=\"12\" minlength=\"12\" class=\"wpcf7-form-control wpcf7-tel wpcf7-text wpcf7-validates-as-tel phoneformat\" aria-invalid=\"false\" value=\"\" type=\"tel\" name=\"phone\" \/><\/span>\n\t\t\t<\/p>\n\t\t<\/td>\n\t<\/tr>\n\t<tr>\n\t\t<td colspan=\"2\">\n\t\t\t<p><label>T\u00e9l\u00e9charger le curriculum vitae <span class=\"red bold\">*<\/span><br \/>\n<span class=\"wpcf7-form-control-wrap\" data-name=\"resume\"><input size=\"40\" class=\"wpcf7-form-control wpcf7-file wpcf7-validates-as-required\" id=\"resume\" accept=\".pdf,.doc,.docx\" aria-required=\"true\" aria-invalid=\"false\" type=\"file\" name=\"resume\" \/><\/span> <\/label>\n\t\t\t<\/p>\n\t\t<\/td>\n\t<\/tr>\n\t<tr>\n\t\t<td colspan=\"2\">\n\t\t\t<p><span class=\"wpcf7-form-control-wrap\" data-name=\"optin\"><span class=\"wpcf7-form-control wpcf7-checkbox wpcf7-validates-as-required\"><span class=\"wpcf7-list-item first last\"><label><input type=\"checkbox\" name=\"optin[]\" value=\"J\u2019autorise Solutions Protech \u00e0 recueillir mes coordonn\u00e9es et \u00e0 me contacter\" \/><span class=\"wpcf7-list-item-label\">J\u2019autorise Solutions Protech \u00e0 recueillir mes coordonn\u00e9es et \u00e0 me contacter<\/span><\/label><\/span><\/span><\/span>\n\t\t\t<\/p>\n\t\t<\/td>\n\t<\/tr>\n\t<tr>\n\t\t<td colspan=\"2\">\n\t\t\t<p><em>Nous respectons votre vie priv\u00e9e et prot\u00e9geons vos renseignements personnels. Nous recueillons les renseignements n\u00e9cessaires qu\u2019avec votre consentement. Vos donn\u00e9es sont stock\u00e9es en toute s\u00e9curit\u00e9 et utilis\u00e9es uniquement aux fins \u00e9nonc\u00e9es dans notre <a href=\"https:\/\/www.protech-solutions.net\/fr\/politique-de-confidentialite\/\" target=\"_blank\">politique de confidentialit\u00e9<\/a>.<\/em>\n\t\t\t<\/p>\n\t\t<\/td>\n\t<\/tr>\n\t<tr>\n\t\t<td colspan=\"2\">\n\t\t\t<p><input class=\"wpcf7-form-control wpcf7-submit has-spinner\" type=\"submit\" value=\"Soumettre\" \/>\n\t\t\t<\/p>\n\t\t<\/td>\n\t<\/tr>\n<\/table><p style=\"display: none !important;\" class=\"akismet-fields-container\" data-prefix=\"_wpcf7_ak_\"><label>&#916;<textarea name=\"_wpcf7_ak_hp_textarea\" cols=\"45\" rows=\"8\" maxlength=\"100\"><\/textarea><\/label><input type=\"hidden\" id=\"ak_js_1\" name=\"_wpcf7_ak_js\" value=\"44\"\/><script type=\"text\/javascript\">\n\/* <![CDATA[ *\/\ndocument.getElementById( \"ak_js_1\" ).setAttribute( \"value\", ( new Date() ).getTime() );\n\/* ]]> *\/\n<\/script>\n<\/p><div class=\"wpcf7-response-output\" aria-hidden=\"true\"><\/div>\n<\/form>\n<\/div>\n<\/div>\n<\/div><\/div><\/div><\/div><\/div>\n","protected":false},"excerpt":{"rendered":"<p>Carri\u00e8res avec Protech Si vous cherchez une carri\u00e8re avec une \u00e9quipe de recrutement dynamique et excitante, nous pourrions avoir un poste pour vous. Alors que nous commen\u00e7ons \u00e0 \u00e9tendre nos services \u00e0 de nouveaux march\u00e9s, nous cherchons des personnes motiv\u00e9es et exp\u00e9riment\u00e9es pour rejoindre notre \u00e9quipe. Si c&rsquo;est quelque chose qui vous int\u00e9resse, faites-le nous &#8230; <span class=\"more\"><a class=\"more-link\" href=\"https:\/\/www.protech-solutions.net\/fr\/a-propos\/carrieres-avec-protech\/\">[Read more&#8230;]<\/a><\/span><\/p>\n","protected":false},"author":18,"featured_media":4514,"parent":78,"menu_order":2,"comment_status":"closed","ping_status":"closed","template":"","meta":{"footnotes":""},"class_list":{"0":"entry","1":"page","2":"publish","3":"author-comdevwsi483","4":"post-4165","6":"has-post-thumbnail"},"yoast_head":"<!-- This site is optimized with the Yoast SEO plugin v27.5 - https:\/\/yoast.com\/product\/yoast-seo-wordpress\/ -->\n<title>Carri\u00e8res avec Protech<\/title>\n<meta name=\"description\" content=\"Rejoignez notre \u00e9quipe de recrutement passionn\u00e9e! Si vous \u00eates \u00e0 la recherche d&#039;une carri\u00e8re dynamique dans le recrutement postulez maintenant!\" \/>\n<meta name=\"robots\" content=\"index, follow, max-snippet:-1, max-image-preview:large, max-video-preview:-1\" \/>\n<link rel=\"canonical\" href=\"https:\/\/www.protech-solutions.net\/fr\/a-propos\/carrieres-avec-protech\/\" \/>\n<meta name=\"twitter:label1\" content=\"Dur\u00e9e de lecture estim\u00e9e\" \/>\n\t<meta name=\"twitter:data1\" content=\"3 minutes\" \/>\n<script type=\"application\/ld+json\" class=\"yoast-schema-graph\">{\"@context\":\"https:\\\/\\\/schema.org\",\"@graph\":[{\"@type\":\"WebPage\",\"@id\":\"https:\\\/\\\/www.protech-solutions.net\\\/fr\\\/a-propos\\\/carrieres-avec-protech\\\/\",\"url\":\"https:\\\/\\\/www.protech-solutions.net\\\/fr\\\/a-propos\\\/carrieres-avec-protech\\\/\",\"name\":\"Carri\u00e8res avec Protech\",\"isPartOf\":{\"@id\":\"https:\\\/\\\/www.protech-solutions.net\\\/fr\\\/#website\"},\"primaryImageOfPage\":{\"@id\":\"https:\\\/\\\/www.protech-solutions.net\\\/fr\\\/a-propos\\\/carrieres-avec-protech\\\/#primaryimage\"},\"image\":{\"@id\":\"https:\\\/\\\/www.protech-solutions.net\\\/fr\\\/a-propos\\\/carrieres-avec-protech\\\/#primaryimage\"},\"thumbnailUrl\":\"https:\\\/\\\/www.protech-solutions.net\\\/fr\\\/wp-content\\\/uploads\\\/sites\\\/3\\\/2021\\\/09\\\/about-bnr.jpg\",\"datePublished\":\"2021-05-29T09:21:36+00:00\",\"dateModified\":\"2021-10-15T18:42:41+00:00\",\"description\":\"Rejoignez notre \u00e9quipe de recrutement passionn\u00e9e! Si vous \u00eates \u00e0 la recherche d'une carri\u00e8re dynamique dans le recrutement postulez maintenant!\",\"breadcrumb\":{\"@id\":\"https:\\\/\\\/www.protech-solutions.net\\\/fr\\\/a-propos\\\/carrieres-avec-protech\\\/#breadcrumb\"},\"inLanguage\":\"fr-FR\",\"potentialAction\":[{\"@type\":\"ReadAction\",\"target\":[\"https:\\\/\\\/www.protech-solutions.net\\\/fr\\\/a-propos\\\/carrieres-avec-protech\\\/\"]}]},{\"@type\":\"ImageObject\",\"inLanguage\":\"fr-FR\",\"@id\":\"https:\\\/\\\/www.protech-solutions.net\\\/fr\\\/a-propos\\\/carrieres-avec-protech\\\/#primaryimage\",\"url\":\"https:\\\/\\\/www.protech-solutions.net\\\/fr\\\/wp-content\\\/uploads\\\/sites\\\/3\\\/2021\\\/09\\\/about-bnr.jpg\",\"contentUrl\":\"https:\\\/\\\/www.protech-solutions.net\\\/fr\\\/wp-content\\\/uploads\\\/sites\\\/3\\\/2021\\\/09\\\/about-bnr.jpg\",\"width\":2000,\"height\":300},{\"@type\":\"BreadcrumbList\",\"@id\":\"https:\\\/\\\/www.protech-solutions.net\\\/fr\\\/a-propos\\\/carrieres-avec-protech\\\/#breadcrumb\",\"itemListElement\":[{\"@type\":\"ListItem\",\"position\":1,\"name\":\"Accueil\",\"item\":\"https:\\\/\\\/www.protech-solutions.net\\\/fr\\\/\"},{\"@type\":\"ListItem\",\"position\":2,\"name\":\"\u00c0 propos\",\"item\":\"https:\\\/\\\/www.protech-solutions.net\\\/fr\\\/a-propos\\\/\"},{\"@type\":\"ListItem\",\"position\":3,\"name\":\"Carri\u00e8res avec Protech\"}]},{\"@type\":\"WebSite\",\"@id\":\"https:\\\/\\\/www.protech-solutions.net\\\/fr\\\/#website\",\"url\":\"https:\\\/\\\/www.protech-solutions.net\\\/fr\\\/\",\"name\":\"Solutions Protech\",\"description\":\"Int\u00e9grit\u00e9, Confiance, Engagement\",\"publisher\":{\"@id\":\"https:\\\/\\\/www.protech-solutions.net\\\/fr\\\/#organization\"},\"potentialAction\":[{\"@type\":\"SearchAction\",\"target\":{\"@type\":\"EntryPoint\",\"urlTemplate\":\"https:\\\/\\\/www.protech-solutions.net\\\/fr\\\/?s={search_term_string}\"},\"query-input\":{\"@type\":\"PropertyValueSpecification\",\"valueRequired\":true,\"valueName\":\"search_term_string\"}}],\"inLanguage\":\"fr-FR\"},{\"@type\":\"Organization\",\"@id\":\"https:\\\/\\\/www.protech-solutions.net\\\/fr\\\/#organization\",\"name\":\"Solutions Protech\",\"url\":\"https:\\\/\\\/www.protech-solutions.net\\\/fr\\\/\",\"logo\":{\"@type\":\"ImageObject\",\"inLanguage\":\"fr-FR\",\"@id\":\"https:\\\/\\\/www.protech-solutions.net\\\/fr\\\/#\\\/schema\\\/logo\\\/image\\\/\",\"url\":\"\",\"contentUrl\":\"\",\"caption\":\"Solutions Protech\"},\"image\":{\"@id\":\"https:\\\/\\\/www.protech-solutions.net\\\/fr\\\/#\\\/schema\\\/logo\\\/image\\\/\"}}]}<\/script>\n<!-- \/ Yoast SEO plugin. -->","yoast_head_json":{"title":"Carri\u00e8res avec Protech","description":"Rejoignez notre \u00e9quipe de recrutement passionn\u00e9e! Si vous \u00eates \u00e0 la recherche d'une carri\u00e8re dynamique dans le recrutement postulez maintenant!","robots":{"index":"index","follow":"follow","max-snippet":"max-snippet:-1","max-image-preview":"max-image-preview:large","max-video-preview":"max-video-preview:-1"},"canonical":"https:\/\/www.protech-solutions.net\/fr\/a-propos\/carrieres-avec-protech\/","twitter_misc":{"Dur\u00e9e de lecture estim\u00e9e":"3 minutes"},"schema":{"@context":"https:\/\/schema.org","@graph":[{"@type":"WebPage","@id":"https:\/\/www.protech-solutions.net\/fr\/a-propos\/carrieres-avec-protech\/","url":"https:\/\/www.protech-solutions.net\/fr\/a-propos\/carrieres-avec-protech\/","name":"Carri\u00e8res avec Protech","isPartOf":{"@id":"https:\/\/www.protech-solutions.net\/fr\/#website"},"primaryImageOfPage":{"@id":"https:\/\/www.protech-solutions.net\/fr\/a-propos\/carrieres-avec-protech\/#primaryimage"},"image":{"@id":"https:\/\/www.protech-solutions.net\/fr\/a-propos\/carrieres-avec-protech\/#primaryimage"},"thumbnailUrl":"https:\/\/www.protech-solutions.net\/fr\/wp-content\/uploads\/sites\/3\/2021\/09\/about-bnr.jpg","datePublished":"2021-05-29T09:21:36+00:00","dateModified":"2021-10-15T18:42:41+00:00","description":"Rejoignez notre \u00e9quipe de recrutement passionn\u00e9e! Si vous \u00eates \u00e0 la recherche d'une carri\u00e8re dynamique dans le recrutement postulez maintenant!","breadcrumb":{"@id":"https:\/\/www.protech-solutions.net\/fr\/a-propos\/carrieres-avec-protech\/#breadcrumb"},"inLanguage":"fr-FR","potentialAction":[{"@type":"ReadAction","target":["https:\/\/www.protech-solutions.net\/fr\/a-propos\/carrieres-avec-protech\/"]}]},{"@type":"ImageObject","inLanguage":"fr-FR","@id":"https:\/\/www.protech-solutions.net\/fr\/a-propos\/carrieres-avec-protech\/#primaryimage","url":"https:\/\/www.protech-solutions.net\/fr\/wp-content\/uploads\/sites\/3\/2021\/09\/about-bnr.jpg","contentUrl":"https:\/\/www.protech-solutions.net\/fr\/wp-content\/uploads\/sites\/3\/2021\/09\/about-bnr.jpg","width":2000,"height":300},{"@type":"BreadcrumbList","@id":"https:\/\/www.protech-solutions.net\/fr\/a-propos\/carrieres-avec-protech\/#breadcrumb","itemListElement":[{"@type":"ListItem","position":1,"name":"Accueil","item":"https:\/\/www.protech-solutions.net\/fr\/"},{"@type":"ListItem","position":2,"name":"\u00c0 propos","item":"https:\/\/www.protech-solutions.net\/fr\/a-propos\/"},{"@type":"ListItem","position":3,"name":"Carri\u00e8res avec Protech"}]},{"@type":"WebSite","@id":"https:\/\/www.protech-solutions.net\/fr\/#website","url":"https:\/\/www.protech-solutions.net\/fr\/","name":"Solutions Protech","description":"Int\u00e9grit\u00e9, Confiance, Engagement","publisher":{"@id":"https:\/\/www.protech-solutions.net\/fr\/#organization"},"potentialAction":[{"@type":"SearchAction","target":{"@type":"EntryPoint","urlTemplate":"https:\/\/www.protech-solutions.net\/fr\/?s={search_term_string}"},"query-input":{"@type":"PropertyValueSpecification","valueRequired":true,"valueName":"search_term_string"}}],"inLanguage":"fr-FR"},{"@type":"Organization","@id":"https:\/\/www.protech-solutions.net\/fr\/#organization","name":"Solutions Protech","url":"https:\/\/www.protech-solutions.net\/fr\/","logo":{"@type":"ImageObject","inLanguage":"fr-FR","@id":"https:\/\/www.protech-solutions.net\/fr\/#\/schema\/logo\/image\/","url":"","contentUrl":"","caption":"Solutions Protech"},"image":{"@id":"https:\/\/www.protech-solutions.net\/fr\/#\/schema\/logo\/image\/"}}]}},"_links":{"self":[{"href":"https:\/\/www.protech-solutions.net\/fr\/wp-json\/wp\/v2\/pages\/4165","targetHints":{"allow":["GET"]}}],"collection":[{"href":"https:\/\/www.protech-solutions.net\/fr\/wp-json\/wp\/v2\/pages"}],"about":[{"href":"https:\/\/www.protech-solutions.net\/fr\/wp-json\/wp\/v2\/types\/page"}],"author":[{"embeddable":true,"href":"https:\/\/www.protech-solutions.net\/fr\/wp-json\/wp\/v2\/users\/18"}],"replies":[{"embeddable":true,"href":"https:\/\/www.protech-solutions.net\/fr\/wp-json\/wp\/v2\/comments?post=4165"}],"version-history":[{"count":0,"href":"https:\/\/www.protech-solutions.net\/fr\/wp-json\/wp\/v2\/pages\/4165\/revisions"}],"up":[{"embeddable":true,"href":"https:\/\/www.protech-solutions.net\/fr\/wp-json\/wp\/v2\/pages\/78"}],"wp:featuredmedia":[{"embeddable":true,"href":"https:\/\/www.protech-solutions.net\/fr\/wp-json\/wp\/v2\/media\/4514"}],"wp:attachment":[{"href":"https:\/\/www.protech-solutions.net\/fr\/wp-json\/wp\/v2\/media?parent=4165"}],"curies":[{"name":"wp","href":"https:\/\/api.w.org\/{rel}","templated":true}]}}