{"id":4135,"date":"2021-05-29T04:50:23","date_gmt":"2021-05-29T08:50:23","guid":{"rendered":"https:\/\/www.protech-solutions.net\/fr\/?page_id=4135"},"modified":"2021-09-29T01:55:06","modified_gmt":"2021-09-29T05:55:06","slug":"travailler-avec-protech","status":"publish","type":"page","link":"https:\/\/www.protech-solutions.net\/fr\/employeurs\/travailler-avec-protech\/","title":{"rendered":"Travailler avec Protech"},"content":{"rendered":"\n<h1 class=\"wp-block-heading\">Travailler avec Protech<\/h1>\n\n\n\n<h2 class=\"wp-block-heading\">Foire aux questions<\/h2>\n\n\n\n\t\t\t\t\t\t<style>\r\n\t\t\t\t<style>\r\n#wpsm_accordion_4323 .wpsm_panel-heading{\r\n\tpadding:0px !important;\r\n}\r\n#wpsm_accordion_4323 .wpsm_panel-title {\r\n\tmargin:0px !important; \r\n\ttext-transform:none !important;\r\n\tline-height: 1 !important;\r\n}\r\n#wpsm_accordion_4323 .wpsm_panel-title a{\r\n\ttext-decoration:none;\r\n\toverflow:hidden;\r\n\tdisplay:block;\r\n\tpadding:0px;\r\n\tfont-size: 20px !important;\r\n\tfont-family: Open Sans !important;\r\n\tcolor:#ffffff !important;\r\n\tborder-bottom:0px !important;\r\n}\r\n\r\n#wpsm_accordion_4323 .wpsm_panel-title a:focus {\r\noutline: 0px !important;\r\n}\r\n\r\n#wpsm_accordion_4323 .wpsm_panel-title a:hover, #wpsm_accordion_4323 .wpsm_panel-title a:focus {\r\n\tcolor:#ffffff !important;\r\n}\r\n#wpsm_accordion_4323 .acc-a{\r\n\tcolor: #ffffff !important;\r\n\tbackground-color:#333339 !important;\r\n\tborder-color: #ddd;\r\n}\r\n#wpsm_accordion_4323 .wpsm_panel-default > .wpsm_panel-heading{\r\n\tcolor: #ffffff !important;\r\n\tbackground-color: #333339 !important;\r\n\tborder-color: #333339 !important;\r\n\tborder-top-left-radius: 0px;\r\n\tborder-top-right-radius: 0px;\r\n}\r\n#wpsm_accordion_4323 .wpsm_panel-default {\r\n\t\tborder:1px solid transparent !important;\r\n\t}\r\n#wpsm_accordion_4323 {\r\n\tmargin-bottom: 20px;\r\n\toverflow: hidden;\r\n\tfloat: none;\r\n\twidth: 100%;\r\n\tdisplay: block;\r\n}\r\n#wpsm_accordion_4323 .ac_title_class{\r\n\tdisplay: block;\r\n\tpadding-top: 12px;\r\n\tpadding-bottom: 12px;\r\n\tpadding-left: 15px;\r\n\tpadding-right: 15px;\r\n}\r\n#wpsm_accordion_4323  .wpsm_panel {\r\n\toverflow:hidden;\r\n\t-webkit-box-shadow: 0 0px 0px rgba(0, 0, 0, .05);\r\n\tbox-shadow: 0 0px 0px rgba(0, 0, 0, .05);\r\n\t\t\tborder-radius: 0px;\r\n\t}\r\n#wpsm_accordion_4323  .wpsm_panel + .wpsm_panel {\r\n\t\tmargin-top: 5px;\r\n\t}\r\n#wpsm_accordion_4323  .wpsm_panel-body{\r\n\tbackground-color:#ffffff !important;\r\n\tcolor:#323232 !important;\r\n\tborder-top-color: #333339 !important;\r\n\tfont-size:18px !important;\r\n\tfont-family: Open Sans !important;\r\n\toverflow: hidden;\r\n\t\tborder: 2px solid #333339 !important;\r\n\t}\r\n\r\n#wpsm_accordion_4323 .ac_open_cl_icon{\r\n\tbackground-color:#333339 !important;\r\n\tcolor: #ffffff !important;\r\n\tfloat:right !important;\r\n\tpadding-top: 12px !important;\r\n\tpadding-bottom: 12px !important;\r\n\tline-height: 1.0 !important;\r\n\tpadding-left: 15px !important;\r\n\tpadding-right: 15px !important;\r\n\tdisplay: inline-block !important;\r\n}\r\n\r\n\t\t\t\r\n\t\t\t#wpsm_accordion_4135 .wpsm_panel-title a {\r\n\tfont-family: &#039;Montserrat&#039;, sans-serif !important;\r\n}\r\n#wpsm_accordion_4135 .wpsm_panel-body {\r\n\tfont-family: &#039;Montserrat&#039;, sans-serif !important;\r\n}\r\n#wpsm_accordion_4323 .ac_open_cl_icon {\r\n    color: #ce0006 !important;\r\n}<\/style>\t\r\n\t\t\t<\/style>\r\n\t\t\t<div class=\"wpsm_panel-group\" id=\"wpsm_accordion_4323\" >\r\n\t\t\t\t\t\t\t\t\r\n\t\t\t\t\t<!-- Inner panel Start -->\r\n\t\t\t\t\t<div class=\"wpsm_panel wpsm_panel-default\">\r\n\t\t\t\t\t\t<div class=\"wpsm_panel-heading\" role=\"tab\" >\r\n\t\t\t\t\t\t  <h4 class=\"wpsm_panel-title\">\r\n\t\t\t\t\t\t\t<a  class=\"\"  data-toggle=\"collapse\" data-parent=\"\" href=\"javascript:void(0)\" data-target=\"#ac_4323_collapse1\" onclick=\"do_resize()\">\r\n\t\t\t\t\t\t\t\t\t\t\t\t\t\t\t\t\t<span class=\"ac_open_cl_icon fa fa-minus\"><\/span>\r\n\t\t\t\t\t\t\t\t\t\r\n\t\t\t\t\t\t\t\t \r\n\t\t\t\t\t\t\t\t<span class=\"ac_title_class\">\r\n\t\t\t\t\t\t\t\t\tNous sommes \u00e0 la recherche d\u2019un candidat hautement sp\u00e9cialis\u00e9, pouvez-vous nous aider?\t\t\t\t\t\t\t\t<\/span>\r\n\t\t\t\t\t\t\t<\/a>\r\n\t\t\t\t\t\t  <\/h4>\r\n\t\t\t\t\t\t<\/div>\r\n\t\t\t\t\t\t<div id=\"ac_4323_collapse1\" class=\"wpsm_panel-collapse collapse in\"  >\r\n\t\t\t\t\t\t  <div class=\"wpsm_panel-body\">\r\n\t\t\t\t\t\t\tSans aucun doute! Avec un large choix de candidats, nous pouvons effectuer des recherches dans notre base de donn\u00e9es qui r\u00e9pond \u00e0 vos besoins. Que vous ayez besoin d'une personne avec une qualification particuli\u00e8re requise pour votre emploi, ou que vous ayez besoin d'une personne avec une certaine exp\u00e9rience, nous pouvons les trouver et organiser un entretien pour vous permettre de d\u00e9terminer si elles sont appropri\u00e9es ou non pour votre entreprise. \t\t\t\t\t\t  <\/div>\r\n\t\t\t\t\t\t<\/div>\r\n\t\t\t\t\t<\/div>\r\n\t\t\t\t\t<!-- Inner panel End -->\r\n\t\t\t\t\t\r\n\t\t\t\t\t\t\t\t\r\n\t\t\t\t\t<!-- Inner panel Start -->\r\n\t\t\t\t\t<div class=\"wpsm_panel wpsm_panel-default\">\r\n\t\t\t\t\t\t<div class=\"wpsm_panel-heading\" role=\"tab\" >\r\n\t\t\t\t\t\t  <h4 class=\"wpsm_panel-title\">\r\n\t\t\t\t\t\t\t<a  class=\"collapsed\"  data-toggle=\"collapse\" data-parent=\"\" href=\"javascript:void(0)\" data-target=\"#ac_4323_collapse2\" onclick=\"do_resize()\">\r\n\t\t\t\t\t\t\t\t\t\t\t\t\t\t\t\t\t<span class=\"ac_open_cl_icon fa fa-plus\"><\/span>\r\n\t\t\t\t\t\t\t\t\t\r\n\t\t\t\t\t\t\t\t \r\n\t\t\t\t\t\t\t\t<span class=\"ac_title_class\">\r\n\t\t\t\t\t\t\t\t\tComment trouvez-vous la bonne personne pour notre entreprise?\t\t\t\t\t\t\t\t<\/span>\r\n\t\t\t\t\t\t\t<\/a>\r\n\t\t\t\t\t\t  <\/h4>\r\n\t\t\t\t\t\t<\/div>\r\n\t\t\t\t\t\t<div id=\"ac_4323_collapse2\" class=\"wpsm_panel-collapse collapse \"  >\r\n\t\t\t\t\t\t  <div class=\"wpsm_panel-body\">\r\n\t\t\t\t\t\t\tChez Protech, nous comprenons que trouver la bonne personne pour votre \u00e9quipe peut \u00eatre comparable \u00e0 trouver une aiguille dans une botte de foin. C'est pourquoi nous faisons correspondre les candidats potentiels aux sp\u00e9cifications que vous avez indiqu\u00e9es dans votre offre d'emploi. Lorsqu'ils postulent pour figurer sur notre site, les candidats nous font part de leurs valeurs, de leurs convictions et de leurs objectifs personnels. Nous les faisons correspondre aux valeurs de votre entreprise afin de nous assurer que nous trouvons la bonne personne pour le poste. Au cours de l'entretien, vous pourrez alors vous assurer qu'ils ont les bonnes valeurs pour faire partie de votre \u00e9quipe. \t\t\t\t\t\t  <\/div>\r\n\t\t\t\t\t\t<\/div>\r\n\t\t\t\t\t<\/div>\r\n\t\t\t\t\t<!-- Inner panel End -->\r\n\t\t\t\t\t\r\n\t\t\t\t\t\t\t\t\r\n\t\t\t\t\t<!-- Inner panel Start -->\r\n\t\t\t\t\t<div class=\"wpsm_panel wpsm_panel-default\">\r\n\t\t\t\t\t\t<div class=\"wpsm_panel-heading\" role=\"tab\" >\r\n\t\t\t\t\t\t  <h4 class=\"wpsm_panel-title\">\r\n\t\t\t\t\t\t\t<a  class=\"collapsed\"  data-toggle=\"collapse\" data-parent=\"\" href=\"javascript:void(0)\" data-target=\"#ac_4323_collapse3\" onclick=\"do_resize()\">\r\n\t\t\t\t\t\t\t\t\t\t\t\t\t\t\t\t\t<span class=\"ac_open_cl_icon fa fa-plus\"><\/span>\r\n\t\t\t\t\t\t\t\t\t\r\n\t\t\t\t\t\t\t\t \r\n\t\t\t\t\t\t\t\t<span class=\"ac_title_class\">\r\n\t\t\t\t\t\t\t\t\tPuis-je choisir mon gestionnaire de talents?\t\t\t\t\t\t\t\t<\/span>\r\n\t\t\t\t\t\t\t<\/a>\r\n\t\t\t\t\t\t  <\/h4>\r\n\t\t\t\t\t\t<\/div>\r\n\t\t\t\t\t\t<div id=\"ac_4323_collapse3\" class=\"wpsm_panel-collapse collapse \"  >\r\n\t\t\t\t\t\t  <div class=\"wpsm_panel-body\">\r\n\t\t\t\t\t\t\tEn g\u00e9n\u00e9ral, nos gestionnaires de talents sont affect\u00e9s \u00e0 des industries et des entreprises dans lesquels ils ont de l'exp\u00e9rience. Cela signifie que lorsque vous travaillerez pour la premi\u00e8re fois avec nous, nous vous attribuerons un gestionnaire de talents en fonction de vos attentes. Si vous avez d\u00e9j\u00e0 travaill\u00e9 avec nous et souhaitez travailler avec le m\u00eame gestionnaire de talents, vous pouvez faire une demande \u00e0 notre \u00e9quipe et nous allons v\u00e9rifier leur disponibilit\u00e9. S'ils sont disponibles au moment o\u00f9 vous en avez besoin, nous serons heureux de les affecter \u00e0 votre projet.\t\t\t\t\t\t  <\/div>\r\n\t\t\t\t\t\t<\/div>\r\n\t\t\t\t\t<\/div>\r\n\t\t\t\t\t<!-- Inner panel End -->\r\n\t\t\t\t\t\r\n\t\t\t\t\t\t\t\t\r\n\t\t\t\t\t<!-- Inner panel Start -->\r\n\t\t\t\t\t<div class=\"wpsm_panel wpsm_panel-default\">\r\n\t\t\t\t\t\t<div class=\"wpsm_panel-heading\" role=\"tab\" >\r\n\t\t\t\t\t\t  <h4 class=\"wpsm_panel-title\">\r\n\t\t\t\t\t\t\t<a  class=\"collapsed\"  data-toggle=\"collapse\" data-parent=\"\" href=\"javascript:void(0)\" data-target=\"#ac_4323_collapse4\" onclick=\"do_resize()\">\r\n\t\t\t\t\t\t\t\t\t\t\t\t\t\t\t\t\t<span class=\"ac_open_cl_icon fa fa-plus\"><\/span>\r\n\t\t\t\t\t\t\t\t\t\r\n\t\t\t\t\t\t\t\t \r\n\t\t\t\t\t\t\t\t<span class=\"ac_title_class\">\r\n\t\t\t\t\t\t\t\t\tPuis-je rechercher plus d&#039;un candidat \u00e0 la fois?\t\t\t\t\t\t\t\t<\/span>\r\n\t\t\t\t\t\t\t<\/a>\r\n\t\t\t\t\t\t  <\/h4>\r\n\t\t\t\t\t\t<\/div>\r\n\t\t\t\t\t\t<div id=\"ac_4323_collapse4\" class=\"wpsm_panel-collapse collapse \"  >\r\n\t\t\t\t\t\t  <div class=\"wpsm_panel-body\">\r\n\t\t\t\t\t\t\tSi votre entreprise conna\u00eet une expansion rapide, nous serons heureux de vous aider \u00e0 trouver plusieurs candidats \u00e0 la fois. En g\u00e9n\u00e9ral, nous vous conseillons de limiter votre recherche \u00e0 2 ou 3 candidats afin de ne pas surcharger votre capacit\u00e9 \u00e0 interviewer de nouveaux candidats potentiels et de ne pas nuire \u00e0 la dynamique actuelle du lieu de travail avec un trop grand nombre de nouveaux employ\u00e9s. \t\t\t\t\t\t  <\/div>\r\n\t\t\t\t\t\t<\/div>\r\n\t\t\t\t\t<\/div>\r\n\t\t\t\t\t<!-- Inner panel End -->\r\n\t\t\t\t\t\r\n\t\t\t\t\t\t\t\t\r\n\t\t\t\t\t<!-- Inner panel Start -->\r\n\t\t\t\t\t<div class=\"wpsm_panel wpsm_panel-default\">\r\n\t\t\t\t\t\t<div class=\"wpsm_panel-heading\" role=\"tab\" >\r\n\t\t\t\t\t\t  <h4 class=\"wpsm_panel-title\">\r\n\t\t\t\t\t\t\t<a  class=\"collapsed\"  data-toggle=\"collapse\" data-parent=\"\" href=\"javascript:void(0)\" data-target=\"#ac_4323_collapse5\" onclick=\"do_resize()\">\r\n\t\t\t\t\t\t\t\t\t\t\t\t\t\t\t\t\t<span class=\"ac_open_cl_icon fa fa-plus\"><\/span>\r\n\t\t\t\t\t\t\t\t\t\r\n\t\t\t\t\t\t\t\t \r\n\t\t\t\t\t\t\t\t<span class=\"ac_title_class\">\r\n\t\t\t\t\t\t\t\t\tPuis-je embaucher un nouveau gestionnaire \u00e0 partir de votre site?\t\t\t\t\t\t\t\t<\/span>\r\n\t\t\t\t\t\t\t<\/a>\r\n\t\t\t\t\t\t  <\/h4>\r\n\t\t\t\t\t\t<\/div>\r\n\t\t\t\t\t\t<div id=\"ac_4323_collapse5\" class=\"wpsm_panel-collapse collapse \"  >\r\n\t\t\t\t\t\t  <div class=\"wpsm_panel-body\">\r\n\t\t\t\t\t\t\tSi vous \u00eates \u00e0 la recherche d'un nouveau gestionnaire et que vous ne savez pas par o\u00f9 commencer, nous sommes l\u00e0 pour vous aider. Avec des milliers de candidats potentiels, nous sommes certains que vous trouverez la personne qui convient le mieux \u00e0 votre poste. Dans notre base de donn\u00e9es, nous avons une myriade d'individus avec des parcours et des exp\u00e9riences diff\u00e9rents, dont certains auront de l'exp\u00e9rience et des postes de direction. Nous pouvons vous mettre en contact avec ces personnes si elles ont de l'exp\u00e9rience en tant que gestionnaire dans votre niche, ce qui vous aide \u00e0 trouver rapidement un nouveau gestionnaire lorsque vous en avez le plus besoin. \t\t\t\t\t\t  <\/div>\r\n\t\t\t\t\t\t<\/div>\r\n\t\t\t\t\t<\/div>\r\n\t\t\t\t\t<!-- Inner panel End -->\r\n\t\t\t\t\t\r\n\t\t\t\t\t\t\t<\/div>\r\n\t\t\t\r\n<script type=\"text\/javascript\">\r\n\t\r\n\t\tfunction do_resize(){\r\n\r\n\t\t\tvar width=jQuery( '.wpsm_panel .wpsm_panel-body iframe' ).width();\r\n\t\t\tvar height=jQuery( '.wpsm_panel .wpsm_panel-body iframe' ).height();\r\n\r\n\t\t\tvar toggleSize = true;\r\n\t\t\tjQuery('iframe').animate({\r\n\t\t\t    width: toggleSize ? width : 640,\r\n\t\t\t    height: toggleSize ? height : 360\r\n\t\t\t  }, 250);\r\n\r\n\t\t\t  toggleSize = !toggleSize;\r\n\t\t}\r\n\t\t\r\n<\/script>\t\n","protected":false},"excerpt":{"rendered":"<p>Travailler avec Protech Foire aux questions<\/p>\n","protected":false},"author":18,"featured_media":4516,"parent":4284,"menu_order":0,"comment_status":"closed","ping_status":"closed","template":"","meta":{"footnotes":""},"class_list":["entry","responsive_accordion","publish","author-comdevwsi483","post-4135","page","type-page","has-post-thumbnail"],"yoast_head":"<!-- This site is optimized with the Yoast SEO plugin v27.5 - https:\/\/yoast.com\/product\/yoast-seo-wordpress\/ -->\n<title>Travailler avec Protech<\/title>\n<meta name=\"description\" content=\"Vous souhaitez travailler avec Protech? Notre \u00e9quipe aide \u00e0 trouver du personnel hautement sp\u00e9cialis\u00e9 pour des emplois techniques qualifi\u00e9s. Nous trouvons les bonnes personnes pour votre entreprise.\" \/>\n<meta name=\"robots\" content=\"index, follow, max-snippet:-1, max-image-preview:large, max-video-preview:-1\" \/>\n<link rel=\"canonical\" href=\"https:\/\/www.protech-solutions.net\/fr\/employeurs\/travailler-avec-protech\/\" \/>\n<meta name=\"twitter:label1\" content=\"Dur\u00e9e de lecture estim\u00e9e\" \/>\n\t<meta name=\"twitter:data1\" content=\"1 minute\" \/>\n<script type=\"application\/ld+json\" class=\"yoast-schema-graph\">{\"@context\":\"https:\\\/\\\/schema.org\",\"@graph\":[{\"@type\":\"WebPage\",\"@id\":\"https:\\\/\\\/www.protech-solutions.net\\\/fr\\\/employeurs\\\/travailler-avec-protech\\\/\",\"url\":\"https:\\\/\\\/www.protech-solutions.net\\\/fr\\\/employeurs\\\/travailler-avec-protech\\\/\",\"name\":\"Travailler avec Protech\",\"isPartOf\":{\"@id\":\"https:\\\/\\\/www.protech-solutions.net\\\/fr\\\/#website\"},\"primaryImageOfPage\":{\"@id\":\"https:\\\/\\\/www.protech-solutions.net\\\/fr\\\/employeurs\\\/travailler-avec-protech\\\/#primaryimage\"},\"image\":{\"@id\":\"https:\\\/\\\/www.protech-solutions.net\\\/fr\\\/employeurs\\\/travailler-avec-protech\\\/#primaryimage\"},\"thumbnailUrl\":\"https:\\\/\\\/www.protech-solutions.net\\\/fr\\\/wp-content\\\/uploads\\\/sites\\\/3\\\/2021\\\/09\\\/employer-bnr.jpg\",\"datePublished\":\"2021-05-29T08:50:23+00:00\",\"dateModified\":\"2021-09-29T05:55:06+00:00\",\"description\":\"Vous souhaitez travailler avec Protech? Notre \u00e9quipe aide \u00e0 trouver du personnel hautement sp\u00e9cialis\u00e9 pour des emplois techniques qualifi\u00e9s. Nous trouvons les bonnes personnes pour votre entreprise.\",\"breadcrumb\":{\"@id\":\"https:\\\/\\\/www.protech-solutions.net\\\/fr\\\/employeurs\\\/travailler-avec-protech\\\/#breadcrumb\"},\"inLanguage\":\"fr-FR\",\"potentialAction\":[{\"@type\":\"ReadAction\",\"target\":[\"https:\\\/\\\/www.protech-solutions.net\\\/fr\\\/employeurs\\\/travailler-avec-protech\\\/\"]}]},{\"@type\":\"ImageObject\",\"inLanguage\":\"fr-FR\",\"@id\":\"https:\\\/\\\/www.protech-solutions.net\\\/fr\\\/employeurs\\\/travailler-avec-protech\\\/#primaryimage\",\"url\":\"https:\\\/\\\/www.protech-solutions.net\\\/fr\\\/wp-content\\\/uploads\\\/sites\\\/3\\\/2021\\\/09\\\/employer-bnr.jpg\",\"contentUrl\":\"https:\\\/\\\/www.protech-solutions.net\\\/fr\\\/wp-content\\\/uploads\\\/sites\\\/3\\\/2021\\\/09\\\/employer-bnr.jpg\",\"width\":2000,\"height\":300},{\"@type\":\"BreadcrumbList\",\"@id\":\"https:\\\/\\\/www.protech-solutions.net\\\/fr\\\/employeurs\\\/travailler-avec-protech\\\/#breadcrumb\",\"itemListElement\":[{\"@type\":\"ListItem\",\"position\":1,\"name\":\"Accueil\",\"item\":\"https:\\\/\\\/www.protech-solutions.net\\\/fr\\\/\"},{\"@type\":\"ListItem\",\"position\":2,\"name\":\"Employeurs\",\"item\":\"https:\\\/\\\/www.protech-solutions.net\\\/fr\\\/employeurs\\\/\"},{\"@type\":\"ListItem\",\"position\":3,\"name\":\"Travailler avec Protech\"}]},{\"@type\":\"WebSite\",\"@id\":\"https:\\\/\\\/www.protech-solutions.net\\\/fr\\\/#website\",\"url\":\"https:\\\/\\\/www.protech-solutions.net\\\/fr\\\/\",\"name\":\"Solutions Protech\",\"description\":\"Int\u00e9grit\u00e9, Confiance, Engagement\",\"publisher\":{\"@id\":\"https:\\\/\\\/www.protech-solutions.net\\\/fr\\\/#organization\"},\"potentialAction\":[{\"@type\":\"SearchAction\",\"target\":{\"@type\":\"EntryPoint\",\"urlTemplate\":\"https:\\\/\\\/www.protech-solutions.net\\\/fr\\\/?s={search_term_string}\"},\"query-input\":{\"@type\":\"PropertyValueSpecification\",\"valueRequired\":true,\"valueName\":\"search_term_string\"}}],\"inLanguage\":\"fr-FR\"},{\"@type\":\"Organization\",\"@id\":\"https:\\\/\\\/www.protech-solutions.net\\\/fr\\\/#organization\",\"name\":\"Solutions Protech\",\"url\":\"https:\\\/\\\/www.protech-solutions.net\\\/fr\\\/\",\"logo\":{\"@type\":\"ImageObject\",\"inLanguage\":\"fr-FR\",\"@id\":\"https:\\\/\\\/www.protech-solutions.net\\\/fr\\\/#\\\/schema\\\/logo\\\/image\\\/\",\"url\":\"\",\"contentUrl\":\"\",\"caption\":\"Solutions Protech\"},\"image\":{\"@id\":\"https:\\\/\\\/www.protech-solutions.net\\\/fr\\\/#\\\/schema\\\/logo\\\/image\\\/\"}}]}<\/script>\n<!-- \/ Yoast SEO plugin. -->","yoast_head_json":{"title":"Travailler avec Protech","description":"Vous souhaitez travailler avec Protech? Notre \u00e9quipe aide \u00e0 trouver du personnel hautement sp\u00e9cialis\u00e9 pour des emplois techniques qualifi\u00e9s. Nous trouvons les bonnes personnes pour votre entreprise.","robots":{"index":"index","follow":"follow","max-snippet":"max-snippet:-1","max-image-preview":"max-image-preview:large","max-video-preview":"max-video-preview:-1"},"canonical":"https:\/\/www.protech-solutions.net\/fr\/employeurs\/travailler-avec-protech\/","twitter_misc":{"Dur\u00e9e de lecture estim\u00e9e":"1 minute"},"schema":{"@context":"https:\/\/schema.org","@graph":[{"@type":"WebPage","@id":"https:\/\/www.protech-solutions.net\/fr\/employeurs\/travailler-avec-protech\/","url":"https:\/\/www.protech-solutions.net\/fr\/employeurs\/travailler-avec-protech\/","name":"Travailler avec Protech","isPartOf":{"@id":"https:\/\/www.protech-solutions.net\/fr\/#website"},"primaryImageOfPage":{"@id":"https:\/\/www.protech-solutions.net\/fr\/employeurs\/travailler-avec-protech\/#primaryimage"},"image":{"@id":"https:\/\/www.protech-solutions.net\/fr\/employeurs\/travailler-avec-protech\/#primaryimage"},"thumbnailUrl":"https:\/\/www.protech-solutions.net\/fr\/wp-content\/uploads\/sites\/3\/2021\/09\/employer-bnr.jpg","datePublished":"2021-05-29T08:50:23+00:00","dateModified":"2021-09-29T05:55:06+00:00","description":"Vous souhaitez travailler avec Protech? Notre \u00e9quipe aide \u00e0 trouver du personnel hautement sp\u00e9cialis\u00e9 pour des emplois techniques qualifi\u00e9s. Nous trouvons les bonnes personnes pour votre entreprise.","breadcrumb":{"@id":"https:\/\/www.protech-solutions.net\/fr\/employeurs\/travailler-avec-protech\/#breadcrumb"},"inLanguage":"fr-FR","potentialAction":[{"@type":"ReadAction","target":["https:\/\/www.protech-solutions.net\/fr\/employeurs\/travailler-avec-protech\/"]}]},{"@type":"ImageObject","inLanguage":"fr-FR","@id":"https:\/\/www.protech-solutions.net\/fr\/employeurs\/travailler-avec-protech\/#primaryimage","url":"https:\/\/www.protech-solutions.net\/fr\/wp-content\/uploads\/sites\/3\/2021\/09\/employer-bnr.jpg","contentUrl":"https:\/\/www.protech-solutions.net\/fr\/wp-content\/uploads\/sites\/3\/2021\/09\/employer-bnr.jpg","width":2000,"height":300},{"@type":"BreadcrumbList","@id":"https:\/\/www.protech-solutions.net\/fr\/employeurs\/travailler-avec-protech\/#breadcrumb","itemListElement":[{"@type":"ListItem","position":1,"name":"Accueil","item":"https:\/\/www.protech-solutions.net\/fr\/"},{"@type":"ListItem","position":2,"name":"Employeurs","item":"https:\/\/www.protech-solutions.net\/fr\/employeurs\/"},{"@type":"ListItem","position":3,"name":"Travailler avec Protech"}]},{"@type":"WebSite","@id":"https:\/\/www.protech-solutions.net\/fr\/#website","url":"https:\/\/www.protech-solutions.net\/fr\/","name":"Solutions Protech","description":"Int\u00e9grit\u00e9, Confiance, Engagement","publisher":{"@id":"https:\/\/www.protech-solutions.net\/fr\/#organization"},"potentialAction":[{"@type":"SearchAction","target":{"@type":"EntryPoint","urlTemplate":"https:\/\/www.protech-solutions.net\/fr\/?s={search_term_string}"},"query-input":{"@type":"PropertyValueSpecification","valueRequired":true,"valueName":"search_term_string"}}],"inLanguage":"fr-FR"},{"@type":"Organization","@id":"https:\/\/www.protech-solutions.net\/fr\/#organization","name":"Solutions Protech","url":"https:\/\/www.protech-solutions.net\/fr\/","logo":{"@type":"ImageObject","inLanguage":"fr-FR","@id":"https:\/\/www.protech-solutions.net\/fr\/#\/schema\/logo\/image\/","url":"","contentUrl":"","caption":"Solutions Protech"},"image":{"@id":"https:\/\/www.protech-solutions.net\/fr\/#\/schema\/logo\/image\/"}}]}},"_links":{"self":[{"href":"https:\/\/www.protech-solutions.net\/fr\/wp-json\/wp\/v2\/pages\/4135","targetHints":{"allow":["GET"]}}],"collection":[{"href":"https:\/\/www.protech-solutions.net\/fr\/wp-json\/wp\/v2\/pages"}],"about":[{"href":"https:\/\/www.protech-solutions.net\/fr\/wp-json\/wp\/v2\/types\/page"}],"author":[{"embeddable":true,"href":"https:\/\/www.protech-solutions.net\/fr\/wp-json\/wp\/v2\/users\/18"}],"replies":[{"embeddable":true,"href":"https:\/\/www.protech-solutions.net\/fr\/wp-json\/wp\/v2\/comments?post=4135"}],"version-history":[{"count":0,"href":"https:\/\/www.protech-solutions.net\/fr\/wp-json\/wp\/v2\/pages\/4135\/revisions"}],"up":[{"embeddable":true,"href":"https:\/\/www.protech-solutions.net\/fr\/wp-json\/wp\/v2\/pages\/4284"}],"wp:featuredmedia":[{"embeddable":true,"href":"https:\/\/www.protech-solutions.net\/fr\/wp-json\/wp\/v2\/media\/4516"}],"wp:attachment":[{"href":"https:\/\/www.protech-solutions.net\/fr\/wp-json\/wp\/v2\/media?parent=4135"}],"curies":[{"name":"wp","href":"https:\/\/api.w.org\/{rel}","templated":true}]}}